{"id":1282,"date":"2021-08-12T23:29:50","date_gmt":"2021-08-12T23:29:50","guid":{"rendered":"https:\/\/baker.la-studioweb.com\/?page_id=1282"},"modified":"2023-01-20T10:23:53","modified_gmt":"2023-01-20T13:23:53","slug":"perguntas-frequentes","status":"publish","type":"page","link":"https:\/\/vivicostacakes.com.br\/en\/perguntas-frequentes\/","title":{"rendered":"Perguntas Frequentes"},"content":{"rendered":"<div data-elementor-type=\"wp-page\" data-elementor-id=\"1282\" class=\"elementor elementor-1282\">\n\t\t\t\t\t\t<section class=\"elementor-section elementor-top-section elementor-element elementor-element-a9d0c75 elementor-section-boxed elementor-section-height-default elementor-section-height-default e-parent\" data-id=\"a9d0c75\" data-element_type=\"section\" data-settings=\"{&quot;background_background&quot;:&quot;classic&quot;,&quot;background_motion_fx_motion_fx_scrolling&quot;:&quot;yes&quot;,&quot;background_motion_fx_translateY_effect&quot;:&quot;yes&quot;,&quot;background_motion_fx_translateY_speed&quot;:{&quot;unit&quot;:&quot;px&quot;,&quot;size&quot;:3,&quot;sizes&quot;:[]},&quot;background_motion_fx_translateY_affectedRange&quot;:{&quot;unit&quot;:&quot;%&quot;,&quot;size&quot;:&quot;&quot;,&quot;sizes&quot;:{&quot;start&quot;:20,&quot;end&quot;:80}},&quot;background_motion_fx_devices&quot;:[&quot;mobile&quot;,&quot;mobile_extra&quot;,&quot;tablet&quot;,&quot;laptop&quot;,&quot;desktop&quot;]}\">\n\t\t\t\t\t\t\t<div class=\"elementor-background-overlay\"><\/div>\n\t\t\t\t\t\t\t<div class=\"elementor-container elementor-column-gap-no\">\n\t\t\t\t\t<div class=\"elementor-column elementor-col-100 elementor-top-column elementor-element elementor-element-236a3c4 lakit-col-width-auto-no\" data-id=\"236a3c4\" data-element_type=\"column\">\n\t\t\t<div class=\"elementor-widget-wrap elementor-element-populated\">\n\t\t\t\t\t\t<div class=\"elementor-element elementor-element-4bd6118 elementor-widget elementor-widget-heading\" data-id=\"4bd6118\" data-element_type=\"widget\" data-widget_type=\"heading.default\">\n\t\t\t\t<div class=\"elementor-widget-container\">\n\t\t\t<h1 class=\"elementor-heading-title elementor-size-default\">Perguntas Frequentes<\/h1>\t\t<\/div>\n\t\t\t\t<\/div>\n\t\t\t\t<div class=\"elementor-element elementor-element-3f7a56a lakit-breadcrumbs-align-center elementor-widget lastudio-kit elementor-lakit-breadcrumbs\" data-id=\"3f7a56a\" data-element_type=\"widget\" data-widget_type=\"lakit-breadcrumbs.default\">\n\t\t\t\t<div class=\"elementor-widget-container\">\n\t\t\t\n\t\t<div class=\"lakit-breadcrumbs\">\n\t\t<div class=\"lakit-breadcrumbs__content\">\n\t\t<div class=\"lakit-breadcrumbs__wrap\"><div class=\"lakit-breadcrumbs__item\"><a href=\"https:\/\/vivicostacakes.com.br\/en\/\" class=\"lakit-breadcrumbs__item-link is-home\" rel=\"home\" title=\"Home\">Home<\/a><\/div>\n\t\t<\/div>\n\t\t<\/div>\n\t\t<\/div>\t\t<\/div>\n\t\t\t\t<\/div>\n\t\t\t\t\t<\/div>\n\t\t<\/div>\n\t\t\t\t\t<\/div>\n\t\t<\/section>\n\t\t\t\t<section class=\"elementor-section elementor-top-section elementor-element elementor-element-b33c75e elementor-section-boxed elementor-section-height-default elementor-section-height-default e-parent\" data-id=\"b33c75e\" data-element_type=\"section\" data-settings=\"{&quot;background_background&quot;:&quot;classic&quot;}\">\n\t\t\t\t\t\t<div class=\"elementor-container elementor-column-gap-no\">\n\t\t\t\t\t<div class=\"elementor-column elementor-col-100 elementor-top-column elementor-element elementor-element-194ddf9 lakit-col-width-auto-no\" data-id=\"194ddf9\" data-element_type=\"column\">\n\t\t\t<div class=\"elementor-widget-wrap elementor-element-populated\">\n\t\t\t\t\t\t<div class=\"elementor-element elementor-element-d537c49 elementor-widget-divider--view-line_text elementor-widget-divider--element-align-center elementor-widget elementor-widget-divider\" data-id=\"d537c49\" data-element_type=\"widget\" data-widget_type=\"divider.default\">\n\t\t\t\t<div class=\"elementor-widget-container\">\n\t\t\t\t\t<div class=\"elementor-divider\">\n\t\t\t<span class=\"elementor-divider-separator\">\n\t\t\t\t\t\t\t<h2 class=\"elementor-divider__text elementor-divider__element\">\n\t\t\t\tTem alguma d\u00favida?\t\t\t\t<\/h2>\n\t\t\t\t\t\t<\/span>\n\t\t<\/div>\n\t\t\t\t<\/div>\n\t\t\t\t<\/div>\n\t\t\t\t\t<\/div>\n\t\t<\/div>\n\t\t\t\t\t<\/div>\n\t\t<\/section>\n\t\t\t\t<section class=\"elementor-section elementor-top-section elementor-element elementor-element-9de7a2f elementor-section-boxed elementor-section-height-default elementor-section-height-default e-parent\" data-id=\"9de7a2f\" data-element_type=\"section\">\n\t\t\t\t\t\t<div class=\"elementor-container elementor-column-gap-no\">\n\t\t\t\t\t<div class=\"elementor-column elementor-col-100 elementor-top-column elementor-element elementor-element-2af9ce2 lakit-col-width-auto-no\" data-id=\"2af9ce2\" data-element_type=\"column\">\n\t\t\t<div class=\"elementor-widget-wrap elementor-element-populated\">\n\t\t\t\t\t\t<section class=\"elementor-section elementor-inner-section elementor-element elementor-element-0c58a63 elementor-section-full_width elementor-section-height-default elementor-section-height-default\" data-id=\"0c58a63\" data-element_type=\"section\">\n\t\t\t\t\t\t<div class=\"elementor-container elementor-column-gap-no\">\n\t\t\t\t\t<div class=\"elementor-column elementor-col-50 elementor-inner-column elementor-element elementor-element-494ea57 lakit-col-width-auto-no\" data-id=\"494ea57\" data-element_type=\"column\">\n\t\t\t<div class=\"elementor-widget-wrap elementor-element-populated\">\n\t\t\t\t\t\t<div class=\"elementor-element elementor-element-5a96705 elementor-widget elementor-widget-toggle\" data-id=\"5a96705\" data-element_type=\"widget\" data-widget_type=\"toggle.default\">\n\t\t\t\t<div class=\"elementor-widget-container\">\n\t\t\t\t\t<div class=\"elementor-toggle\">\n\t\t\t\t\t\t\t<div class=\"elementor-toggle-item\">\n\t\t\t\t\t<div id=\"elementor-tab-title-9491\" class=\"elementor-tab-title\" data-tab=\"1\" role=\"button\" aria-controls=\"elementor-tab-content-9491\" aria-expanded=\"false\">\n\t\t\t\t\t\t\t\t\t\t\t\t<span class=\"elementor-toggle-icon elementor-toggle-icon-right\" aria-hidden=\"true\">\n\t\t\t\t\t\t\t\t\t\t\t\t\t\t\t<span class=\"elementor-toggle-icon-closed\"><svg xmlns=\"http:\/\/www.w3.org\/2000\/svg\" width=\"300\" height=\"300\" viewbox=\"0 0 300 300\" class=\"lakit-font-icon-svg\" data-icon-name=\"down-arrow\" data-icon-type=\"LaStudioIcons\"><path d=\"M150 225c-3.3 0-6.3-1.2-8.7-3.6L7.2 87.6l17.7-17.7L150 194.7 275.1 69.9l17.7 17.7L159 221.4c-2.7 2.4-5.7 3.6-9 3.6z\" fill=\"currentColor\"\/><\/svg><\/span>\n\t\t\t\t\t\t\t\t<span class=\"elementor-toggle-icon-opened\"><svg xmlns=\"http:\/\/www.w3.org\/2000\/svg\" width=\"300\" height=\"300\" viewbox=\"0 0 300 300\" class=\"lakit-font-icon-svg\" data-icon-name=\"up-arrow\" data-icon-type=\"LaStudioIcons\"><path d=\"M275.1 230.1L150 105.3 24.9 230.1 7.2 212.4 141.3 78.6c4.8-4.8 12.6-4.8 17.7 0l133.8 133.8-17.7 17.7z\" fill=\"currentColor\"\/><\/svg><\/span>\n\t\t\t\t\t\t\t\t\t\t\t\t\t<\/span>\n\t\t\t\t\t\t\t\t\t\t\t\t<a class=\"elementor-toggle-title\" tabindex=\"0\">Qual o procedimento para pagamento de compras no cart\u00e3o de cr\u00e9dito?<\/a>\n\t\t\t\t\t<\/div>\n\n\t\t\t\t\t<div id=\"elementor-tab-content-9491\" class=\"elementor-tab-content elementor-clearfix\" data-tab=\"1\" role=\"region\" aria-labelledby=\"elementor-tab-title-9491\"><p>Para sua maior comodidade e seguran\u00e7a, as informa\u00e7\u00f5es inseridas em seu cadastro est\u00e3o sujeitas \u00e0 confer\u00eancia e confirma\u00e7\u00e3o ap\u00f3s qualquer compra efetuada. Ao finalizar seu pedido, voc\u00ea estar\u00e1 concordando em pagar o valor total da compra conforme o contrato de seu cart\u00e3o de cr\u00e9dito. As compras feitas pelo cart\u00e3o de cr\u00e9dito podem ser pagas com ou sem juros, de acordo com a pol\u00edtica comercial vigente. A parcela m\u00ednima exigida \u00e9 de R$ 20,00 e o prazo m\u00e1ximo de financiamento \u00e9 de at\u00e9 12 parcelas conforme pol\u00edtica da administradora de cart\u00e3o de cr\u00e9dito. A libera\u00e7\u00e3o do pedido pago no cart\u00e3o de cr\u00e9dito acontecer\u00e1 em at\u00e9 72h, ap\u00f3s aprova\u00e7\u00e3o da an\u00e1lise e a confirma\u00e7\u00e3o do pagamento.<\/p><\/div>\n\t\t\t\t<\/div>\n\t\t\t\t\t\t\t<div class=\"elementor-toggle-item\">\n\t\t\t\t\t<div id=\"elementor-tab-title-9492\" class=\"elementor-tab-title\" data-tab=\"2\" role=\"button\" aria-controls=\"elementor-tab-content-9492\" aria-expanded=\"false\">\n\t\t\t\t\t\t\t\t\t\t\t\t<span class=\"elementor-toggle-icon elementor-toggle-icon-right\" aria-hidden=\"true\">\n\t\t\t\t\t\t\t\t\t\t\t\t\t\t\t<span class=\"elementor-toggle-icon-closed\"><svg xmlns=\"http:\/\/www.w3.org\/2000\/svg\" width=\"300\" height=\"300\" viewbox=\"0 0 300 300\" class=\"lakit-font-icon-svg\" data-icon-name=\"down-arrow\" data-icon-type=\"LaStudioIcons\"><path d=\"M150 225c-3.3 0-6.3-1.2-8.7-3.6L7.2 87.6l17.7-17.7L150 194.7 275.1 69.9l17.7 17.7L159 221.4c-2.7 2.4-5.7 3.6-9 3.6z\" fill=\"currentColor\"\/><\/svg><\/span>\n\t\t\t\t\t\t\t\t<span class=\"elementor-toggle-icon-opened\"><svg xmlns=\"http:\/\/www.w3.org\/2000\/svg\" width=\"300\" height=\"300\" viewbox=\"0 0 300 300\" class=\"lakit-font-icon-svg\" data-icon-name=\"up-arrow\" data-icon-type=\"LaStudioIcons\"><path d=\"M275.1 230.1L150 105.3 24.9 230.1 7.2 212.4 141.3 78.6c4.8-4.8 12.6-4.8 17.7 0l133.8 133.8-17.7 17.7z\" fill=\"currentColor\"\/><\/svg><\/span>\n\t\t\t\t\t\t\t\t\t\t\t\t\t<\/span>\n\t\t\t\t\t\t\t\t\t\t\t\t<a class=\"elementor-toggle-title\" tabindex=\"0\">Qual o procedimento para pagamento de compras no boleto banc\u00e1rio?<\/a>\n\t\t\t\t\t<\/div>\n\n\t\t\t\t\t<div id=\"elementor-tab-content-9492\" class=\"elementor-tab-content elementor-clearfix\" data-tab=\"2\" role=\"region\" aria-labelledby=\"elementor-tab-title-9492\"><p>Nas compras \u00e0 vista (sem parcelamento) voc\u00ea pode pagar atrav\u00e9s de boleto banc\u00e1rio, em qualquer ag\u00eancia ou estabelecimentos que aceitem este tipo de pagamento. O boleto deve ser impresso na finaliza\u00e7\u00e3o da compra, e o prazo de validade para pagamento \u00e9 de um dia \u00fatil (a contar da data da compra). Caso n\u00e3o seja poss\u00edvel imprimir o boleto, na hora da compra, ele se manter\u00e1 dispon\u00edvel na se\u00e7\u00e3o Meus Pedidos at\u00e9 a data do vencimento, onde tamb\u00e9m poder\u00e1 ser salvo no seu computador, em formato PDF e poder\u00e1 tamb\u00e9m ser impresso para pagamento.<\/p><\/div>\n\t\t\t\t<\/div>\n\t\t\t\t\t\t\t\t<\/div>\n\t\t\t\t<\/div>\n\t\t\t\t<\/div>\n\t\t\t\t\t<\/div>\n\t\t<\/div>\n\t\t\t\t<div class=\"elementor-column elementor-col-50 elementor-inner-column elementor-element elementor-element-526ce82 lakit-col-width-auto-no\" data-id=\"526ce82\" data-element_type=\"column\">\n\t\t\t<div class=\"elementor-widget-wrap elementor-element-populated\">\n\t\t\t\t\t\t<div class=\"elementor-element elementor-element-0eda67e elementor-widget elementor-widget-toggle\" data-id=\"0eda67e\" data-element_type=\"widget\" data-widget_type=\"toggle.default\">\n\t\t\t\t<div class=\"elementor-widget-container\">\n\t\t\t\t\t<div class=\"elementor-toggle\">\n\t\t\t\t\t\t\t<div class=\"elementor-toggle-item\">\n\t\t\t\t\t<div id=\"elementor-tab-title-1551\" class=\"elementor-tab-title\" data-tab=\"1\" role=\"button\" aria-controls=\"elementor-tab-content-1551\" aria-expanded=\"false\">\n\t\t\t\t\t\t\t\t\t\t\t\t<span class=\"elementor-toggle-icon elementor-toggle-icon-right\" aria-hidden=\"true\">\n\t\t\t\t\t\t\t\t\t\t\t\t\t\t\t<span class=\"elementor-toggle-icon-closed\"><svg xmlns=\"http:\/\/www.w3.org\/2000\/svg\" width=\"300\" height=\"300\" viewbox=\"0 0 300 300\" class=\"lakit-font-icon-svg\" data-icon-name=\"down-arrow\" data-icon-type=\"LaStudioIcons\"><path d=\"M150 225c-3.3 0-6.3-1.2-8.7-3.6L7.2 87.6l17.7-17.7L150 194.7 275.1 69.9l17.7 17.7L159 221.4c-2.7 2.4-5.7 3.6-9 3.6z\" fill=\"currentColor\"\/><\/svg><\/span>\n\t\t\t\t\t\t\t\t<span class=\"elementor-toggle-icon-opened\"><svg xmlns=\"http:\/\/www.w3.org\/2000\/svg\" width=\"300\" height=\"300\" viewbox=\"0 0 300 300\" class=\"lakit-font-icon-svg\" data-icon-name=\"up-arrow\" data-icon-type=\"LaStudioIcons\"><path d=\"M275.1 230.1L150 105.3 24.9 230.1 7.2 212.4 141.3 78.6c4.8-4.8 12.6-4.8 17.7 0l133.8 133.8-17.7 17.7z\" fill=\"currentColor\"\/><\/svg><\/span>\n\t\t\t\t\t\t\t\t\t\t\t\t\t<\/span>\n\t\t\t\t\t\t\t\t\t\t\t\t<a class=\"elementor-toggle-title\" tabindex=\"0\">Posso trocar meu produto?<\/a>\n\t\t\t\t\t<\/div>\n\n\t\t\t\t\t<div id=\"elementor-tab-content-1551\" class=\"elementor-tab-content elementor-clearfix\" data-tab=\"1\" role=\"region\" aria-labelledby=\"elementor-tab-title-1551\"><p>A troca ou a devolu\u00e7\u00e3o da mercadoria ser\u00e1 realizada dentro do prazo legal, conforme o C\u00f3digo de defesa do Consumidor e de acordo com as condi\u00e7\u00f5es de troca e devolu\u00e7\u00e3o. Art. 49. O consumidor pode desistir do contrato, no prazo de 7 dias a contar de sua assinatura ou do ato de recebimento do produto ou servi\u00e7o, sempre que a contrata\u00e7\u00e3o de fornecimento de produtos e servi\u00e7os ocorrer fora do estabelecimento comercial, especialmente por telefone ou a domic\u00edlio. Par\u00e1grafo \u00fanico. Se o consumidor exercitar o direito de arrependimento previsto neste artigo, os valores eventualmente pagos, a qualquer t\u00edtulo, durante o prazo de reflex\u00e3o, ser\u00e3o devolvidos, de imediato, monetariamente atualizados.<\/p><\/div>\n\t\t\t\t<\/div>\n\t\t\t\t\t\t\t<div class=\"elementor-toggle-item\">\n\t\t\t\t\t<div id=\"elementor-tab-title-1552\" class=\"elementor-tab-title\" data-tab=\"2\" role=\"button\" aria-controls=\"elementor-tab-content-1552\" aria-expanded=\"false\">\n\t\t\t\t\t\t\t\t\t\t\t\t<span class=\"elementor-toggle-icon elementor-toggle-icon-right\" aria-hidden=\"true\">\n\t\t\t\t\t\t\t\t\t\t\t\t\t\t\t<span class=\"elementor-toggle-icon-closed\"><svg xmlns=\"http:\/\/www.w3.org\/2000\/svg\" width=\"300\" height=\"300\" viewbox=\"0 0 300 300\" class=\"lakit-font-icon-svg\" data-icon-name=\"down-arrow\" data-icon-type=\"LaStudioIcons\"><path d=\"M150 225c-3.3 0-6.3-1.2-8.7-3.6L7.2 87.6l17.7-17.7L150 194.7 275.1 69.9l17.7 17.7L159 221.4c-2.7 2.4-5.7 3.6-9 3.6z\" fill=\"currentColor\"\/><\/svg><\/span>\n\t\t\t\t\t\t\t\t<span class=\"elementor-toggle-icon-opened\"><svg xmlns=\"http:\/\/www.w3.org\/2000\/svg\" width=\"300\" height=\"300\" viewbox=\"0 0 300 300\" class=\"lakit-font-icon-svg\" data-icon-name=\"up-arrow\" data-icon-type=\"LaStudioIcons\"><path d=\"M275.1 230.1L150 105.3 24.9 230.1 7.2 212.4 141.3 78.6c4.8-4.8 12.6-4.8 17.7 0l133.8 133.8-17.7 17.7z\" fill=\"currentColor\"\/><\/svg><\/span>\n\t\t\t\t\t\t\t\t\t\t\t\t\t<\/span>\n\t\t\t\t\t\t\t\t\t\t\t\t<a class=\"elementor-toggle-title\" tabindex=\"0\">Posso acompanhar o meu pedido pelo site?<\/a>\n\t\t\t\t\t<\/div>\n\n\t\t\t\t\t<div id=\"elementor-tab-content-1552\" class=\"elementor-tab-content elementor-clearfix\" data-tab=\"2\" role=\"region\" aria-labelledby=\"elementor-tab-title-1552\"><p>Para sua seguran\u00e7a e tranquilidade, ao comprar na vivicostacakedesing.com.br voc\u00ea receber\u00e1 no seu e-mail cadastrado informa\u00e7\u00f5es de todas as etapas do pedido, desde a proposta de compra at\u00e9 a finaliza\u00e7\u00e3o. A data de entrega do seu pedido ser\u00e1 contada \u00e0 partir da emiss\u00e3o da Nota Fiscal.<\/p><\/div>\n\t\t\t\t<\/div>\n\t\t\t\t\t\t\t\t<\/div>\n\t\t\t\t<\/div>\n\t\t\t\t<\/div>\n\t\t\t\t\t<\/div>\n\t\t<\/div>\n\t\t\t\t\t<\/div>\n\t\t<\/section>\n\t\t\t\t\t<\/div>\n\t\t<\/div>\n\t\t\t\t\t<\/div>\n\t\t<\/section>\n\t\t\t\t<\/div>","protected":false},"excerpt":{"rendered":"<p>Perguntas Frequentes Home Tem alguma d\u00favida? Qual o procedimento para pagamento de compras no cart\u00e3o de cr\u00e9dito? Para sua maior [&hellip;]<\/p>","protected":false},"author":1,"featured_media":0,"parent":0,"menu_order":0,"comment_status":"closed","ping_status":"closed","template":"","meta":{"footnotes":""},"class_list":["post-1282","page","type-page","status-publish","hentry"],"yoast_head":"<!-- This site is optimized with the Yoast SEO plugin v27.5 - https:\/\/yoast.com\/product\/yoast-seo-wordpress\/ -->\n<title>Perguntas Frequentes - Vivi Costa Cakes<\/title>\n<meta name=\"robots\" content=\"index, follow, max-snippet:-1, max-image-preview:large, max-video-preview:-1\" \/>\n<link rel=\"canonical\" href=\"https:\/\/vivicostacakes.com.br\/en\/perguntas-frequentes\/\" \/>\n<meta property=\"og:locale\" content=\"en_US\" \/>\n<meta property=\"og:type\" content=\"article\" \/>\n<meta property=\"og:title\" content=\"Perguntas Frequentes - Vivi Costa Cakes\" \/>\n<meta property=\"og:description\" content=\"Perguntas Frequentes Home Tem alguma d\u00favida? Qual o procedimento para pagamento de compras no cart\u00e3o de cr\u00e9dito? Para sua maior [&hellip;]\" \/>\n<meta property=\"og:url\" content=\"https:\/\/vivicostacakes.com.br\/en\/perguntas-frequentes\/\" \/>\n<meta property=\"og:site_name\" content=\"Vivi Costa Cakes\" \/>\n<meta property=\"article:publisher\" content=\"https:\/\/www.facebook.com\/vivicostacakes\/\" \/>\n<meta property=\"article:modified_time\" content=\"2023-01-20T13:23:53+00:00\" \/>\n<meta name=\"twitter:card\" content=\"summary_large_image\" \/>\n<meta name=\"twitter:label1\" content=\"Est. reading time\" \/>\n\t<meta name=\"twitter:data1\" content=\"3 minutes\" \/>\n<script type=\"application\/ld+json\" class=\"yoast-schema-graph\">{\"@context\":\"https:\\\/\\\/schema.org\",\"@graph\":[{\"@type\":\"WebPage\",\"@id\":\"https:\\\/\\\/vivicostacakes.com.br\\\/perguntas-frequentes\\\/\",\"url\":\"https:\\\/\\\/vivicostacakes.com.br\\\/perguntas-frequentes\\\/\",\"name\":\"Perguntas Frequentes - Vivi Costa Cakes\",\"isPartOf\":{\"@id\":\"https:\\\/\\\/vivicostacakes.com.br\\\/#website\"},\"datePublished\":\"2021-08-12T23:29:50+00:00\",\"dateModified\":\"2023-01-20T13:23:53+00:00\",\"breadcrumb\":{\"@id\":\"https:\\\/\\\/vivicostacakes.com.br\\\/perguntas-frequentes\\\/#breadcrumb\"},\"inLanguage\":\"en-US\",\"potentialAction\":[{\"@type\":\"ReadAction\",\"target\":[\"https:\\\/\\\/vivicostacakes.com.br\\\/perguntas-frequentes\\\/\"]}]},{\"@type\":\"BreadcrumbList\",\"@id\":\"https:\\\/\\\/vivicostacakes.com.br\\\/perguntas-frequentes\\\/#breadcrumb\",\"itemListElement\":[{\"@type\":\"ListItem\",\"position\":1,\"name\":\"In\u00edcio\",\"item\":\"https:\\\/\\\/vivicostacakes.com.br\\\/\"},{\"@type\":\"ListItem\",\"position\":2,\"name\":\"Perguntas Frequentes\"}]},{\"@type\":\"WebSite\",\"@id\":\"https:\\\/\\\/vivicostacakes.com.br\\\/#website\",\"url\":\"https:\\\/\\\/vivicostacakes.com.br\\\/\",\"name\":\"Vivi Costa Cakes\",\"description\":\"\",\"publisher\":{\"@id\":\"https:\\\/\\\/vivicostacakes.com.br\\\/#organization\"},\"potentialAction\":[{\"@type\":\"SearchAction\",\"target\":{\"@type\":\"EntryPoint\",\"urlTemplate\":\"https:\\\/\\\/vivicostacakes.com.br\\\/?s={search_term_string}\"},\"query-input\":{\"@type\":\"PropertyValueSpecification\",\"valueRequired\":true,\"valueName\":\"search_term_string\"}}],\"inLanguage\":\"en-US\"},{\"@type\":\"Organization\",\"@id\":\"https:\\\/\\\/vivicostacakes.com.br\\\/#organization\",\"name\":\"Vivi Costa Cakes\",\"url\":\"https:\\\/\\\/vivicostacakes.com.br\\\/\",\"logo\":{\"@type\":\"ImageObject\",\"inLanguage\":\"en-US\",\"@id\":\"https:\\\/\\\/vivicostacakes.com.br\\\/#\\\/schema\\\/logo\\\/image\\\/\",\"url\":\"https:\\\/\\\/vivicostacakes.com.br\\\/wp-content\\\/uploads\\\/2021\\\/08\\\/Imagem-do-WhatsApp-de-2024-01-23-as-15.13.39_d8c454f3.jpg\",\"contentUrl\":\"https:\\\/\\\/vivicostacakes.com.br\\\/wp-content\\\/uploads\\\/2021\\\/08\\\/Imagem-do-WhatsApp-de-2024-01-23-as-15.13.39_d8c454f3.jpg\",\"width\":803,\"height\":630,\"caption\":\"Vivi Costa Cakes\"},\"image\":{\"@id\":\"https:\\\/\\\/vivicostacakes.com.br\\\/#\\\/schema\\\/logo\\\/image\\\/\"},\"sameAs\":[\"https:\\\/\\\/www.facebook.com\\\/vivicostacakes\\\/\",\"https:\\\/\\\/www.instagram.com\\\/vivicostacakes\\\/\",\"https:\\\/\\\/www.youtube.com\\\/channel\\\/UCBZqercH7LOPAAWPYSgxW4g\"]}]}<\/script>\n<!-- \/ Yoast SEO plugin. -->","yoast_head_json":{"title":"Perguntas Frequentes - Vivi Costa Cakes","robots":{"index":"index","follow":"follow","max-snippet":"max-snippet:-1","max-image-preview":"max-image-preview:large","max-video-preview":"max-video-preview:-1"},"canonical":"https:\/\/vivicostacakes.com.br\/en\/perguntas-frequentes\/","og_locale":"en_US","og_type":"article","og_title":"Perguntas Frequentes - Vivi Costa Cakes","og_description":"Perguntas Frequentes Home Tem alguma d\u00favida? Qual o procedimento para pagamento de compras no cart\u00e3o de cr\u00e9dito? Para sua maior [&hellip;]","og_url":"https:\/\/vivicostacakes.com.br\/en\/perguntas-frequentes\/","og_site_name":"Vivi Costa Cakes","article_publisher":"https:\/\/www.facebook.com\/vivicostacakes\/","article_modified_time":"2023-01-20T13:23:53+00:00","twitter_card":"summary_large_image","twitter_misc":{"Est. reading time":"3 minutes"},"schema":{"@context":"https:\/\/schema.org","@graph":[{"@type":"WebPage","@id":"https:\/\/vivicostacakes.com.br\/perguntas-frequentes\/","url":"https:\/\/vivicostacakes.com.br\/perguntas-frequentes\/","name":"Perguntas Frequentes - Vivi Costa Cakes","isPartOf":{"@id":"https:\/\/vivicostacakes.com.br\/#website"},"datePublished":"2021-08-12T23:29:50+00:00","dateModified":"2023-01-20T13:23:53+00:00","breadcrumb":{"@id":"https:\/\/vivicostacakes.com.br\/perguntas-frequentes\/#breadcrumb"},"inLanguage":"en-US","potentialAction":[{"@type":"ReadAction","target":["https:\/\/vivicostacakes.com.br\/perguntas-frequentes\/"]}]},{"@type":"BreadcrumbList","@id":"https:\/\/vivicostacakes.com.br\/perguntas-frequentes\/#breadcrumb","itemListElement":[{"@type":"ListItem","position":1,"name":"In\u00edcio","item":"https:\/\/vivicostacakes.com.br\/"},{"@type":"ListItem","position":2,"name":"Perguntas Frequentes"}]},{"@type":"WebSite","@id":"https:\/\/vivicostacakes.com.br\/#website","url":"https:\/\/vivicostacakes.com.br\/","name":"Vivi Costa Cakes","description":"","publisher":{"@id":"https:\/\/vivicostacakes.com.br\/#organization"},"potentialAction":[{"@type":"SearchAction","target":{"@type":"EntryPoint","urlTemplate":"https:\/\/vivicostacakes.com.br\/?s={search_term_string}"},"query-input":{"@type":"PropertyValueSpecification","valueRequired":true,"valueName":"search_term_string"}}],"inLanguage":"en-US"},{"@type":"Organization","@id":"https:\/\/vivicostacakes.com.br\/#organization","name":"Vivi Costa Cakes","url":"https:\/\/vivicostacakes.com.br\/","logo":{"@type":"ImageObject","inLanguage":"en-US","@id":"https:\/\/vivicostacakes.com.br\/#\/schema\/logo\/image\/","url":"https:\/\/vivicostacakes.com.br\/wp-content\/uploads\/2021\/08\/Imagem-do-WhatsApp-de-2024-01-23-as-15.13.39_d8c454f3.jpg","contentUrl":"https:\/\/vivicostacakes.com.br\/wp-content\/uploads\/2021\/08\/Imagem-do-WhatsApp-de-2024-01-23-as-15.13.39_d8c454f3.jpg","width":803,"height":630,"caption":"Vivi Costa Cakes"},"image":{"@id":"https:\/\/vivicostacakes.com.br\/#\/schema\/logo\/image\/"},"sameAs":["https:\/\/www.facebook.com\/vivicostacakes\/","https:\/\/www.instagram.com\/vivicostacakes\/","https:\/\/www.youtube.com\/channel\/UCBZqercH7LOPAAWPYSgxW4g"]}]}},"_links":{"self":[{"href":"https:\/\/vivicostacakes.com.br\/en\/wp-json\/wp\/v2\/pages\/1282","targetHints":{"allow":["GET"]}}],"collection":[{"href":"https:\/\/vivicostacakes.com.br\/en\/wp-json\/wp\/v2\/pages"}],"about":[{"href":"https:\/\/vivicostacakes.com.br\/en\/wp-json\/wp\/v2\/types\/page"}],"author":[{"embeddable":true,"href":"https:\/\/vivicostacakes.com.br\/en\/wp-json\/wp\/v2\/users\/1"}],"replies":[{"embeddable":true,"href":"https:\/\/vivicostacakes.com.br\/en\/wp-json\/wp\/v2\/comments?post=1282"}],"version-history":[{"count":11,"href":"https:\/\/vivicostacakes.com.br\/en\/wp-json\/wp\/v2\/pages\/1282\/revisions"}],"predecessor-version":[{"id":3607,"href":"https:\/\/vivicostacakes.com.br\/en\/wp-json\/wp\/v2\/pages\/1282\/revisions\/3607"}],"wp:attachment":[{"href":"https:\/\/vivicostacakes.com.br\/en\/wp-json\/wp\/v2\/media?parent=1282"}],"curies":[{"name":"wp","href":"https:\/\/api.w.org\/{rel}","templated":true}]}}